{"id":3276,"date":"2023-08-03T14:31:31","date_gmt":"2023-08-03T14:31:31","guid":{"rendered":"https:\/\/mond.se\/?page_id=3276"},"modified":"2023-08-07T05:06:08","modified_gmt":"2023-08-07T05:06:08","slug":"kontorshotell","status":"publish","type":"page","link":"https:\/\/mond.se\/en\/kontorshotell\/","title":{"rendered":"Kontorshotell"},"content":{"rendered":"<div data-elementor-type=\"wp-page\" data-elementor-id=\"3276\" class=\"elementor elementor-3276\" data-elementor-settings=\"[]\">\n\t\t\t\t\t\t\t<div class=\"elementor-section-wrap\">\n\t\t\t\t\t\t\t<section class=\"elementor-section elementor-top-section elementor-element elementor-element-89002ea elementor-section-boxed elementor-section-height-default elementor-section-height-default\" data-id=\"89002ea\" data-element_type=\"section\">\n\t\t\t\t\t\t<div class=\"elementor-container elementor-column-gap-default\">\n\t\t\t\t\t<div class=\"elementor-column elementor-col-100 elementor-top-column elementor-element elementor-element-663e9d9\" data-id=\"663e9d9\" data-element_type=\"column\">\n\t\t\t<div class=\"elementor-widget-wrap elementor-element-populated\">\n\t\t\t\t\t\t\t\t<div class=\"elementor-element elementor-element-4512f2c elementor-widget elementor-widget-heading\" data-id=\"4512f2c\" data-element_type=\"widget\" data-widget_type=\"heading.default\">\n\t\t\t\t<div class=\"elementor-widget-container\">\n\t\t\t<h2 class=\"elementor-heading-title elementor-size-default\">Hamngatan 26A<\/h2>\t\t<\/div>\n\t\t\t\t<\/div>\n\t\t\t\t<div class=\"elementor-element elementor-element-0fa7cd4 elementor-widget elementor-widget-text-editor\" data-id=\"0fa7cd4\" data-element_type=\"widget\" data-widget_type=\"text-editor.default\">\n\t\t\t\t<div class=\"elementor-widget-container\">\n\t\t\t\t\t\t\t\t<p>Under 2024 planerar vi att fr\u00e4scha upp och vidareutveckla v\u00e5rt kontor. Sedan<span style=\"font-size: inherit; text-align: inherit; background-color: var(--has-background, var(--background-color)); color: var(--color); font-style: var(--fontStyle, inherit); font-weight: var(--fontWeight); letter-spacing: var(--letterSpacing); text-transform: var(--textTransform);\"> \u00f6ppnar vi upp f\u00f6r fler trevliga hyresg\u00e4ster.&nbsp;<\/span><span style=\"color: var(--color); font-size: inherit; text-align: inherit; font-style: var(--fontStyle, inherit); font-weight: var(--fontWeight); letter-spacing: var(--letterSpacing); text-transform: var(--textTransform); background-color: var(--has-background, var(--background-color));\">Kommer bli speciellt<\/span><span style=\"color: var(--color); font-size: inherit; text-align: inherit; font-style: var(--fontStyle, inherit); font-weight: var(--fontWeight); letter-spacing: var(--letterSpacing); text-transform: var(--textTransform); background-color: var(--has-background, var(--background-color));\">&#8230; lovar!<\/span><span style=\"background-color: var(--has-background, var(--background-color)); color: var(--color); font-size: inherit; font-style: var(--fontStyle, inherit); font-weight: var(--fontWeight); letter-spacing: var(--letterSpacing); text-align: inherit; text-transform: var(--textTransform);\">&nbsp;<\/span><\/p>\n<p><span style=\"background-color: var(--has-background, var(--background-color)); color: var(--color); font-size: inherit; font-style: var(--fontStyle, inherit); font-weight: var(--fontWeight); letter-spacing: var(--letterSpacing); text-align: inherit; text-transform: var(--textTransform);\">\u00c4r ni intresserade av inspirerande arbetsplatser s\u00e5 n\u00e4ra nya resecentrum man kan komma, kontakta oss f\u00f6r mer information.&nbsp;<\/span><\/p>\t\t\t\t\t\t<\/div>\n\t\t\t\t<\/div>\n\t\t\t\t\t<\/div>\n\t\t<\/div>\n\t\t\t\t\t\t\t<\/div>\n\t\t<\/section>\n\t\t\t\t<section class=\"elementor-section elementor-top-section elementor-element elementor-element-f661856 elementor-section-boxed elementor-section-height-default elementor-section-height-default\" data-id=\"f661856\" data-element_type=\"section\">\n\t\t\t\t\t\t<div class=\"elementor-container elementor-column-gap-default\">\n\t\t\t\t\t<div class=\"elementor-column elementor-col-50 elementor-top-column elementor-element elementor-element-362a028\" data-id=\"362a028\" data-element_type=\"column\">\n\t\t\t<div class=\"elementor-widget-wrap\">\n\t\t\t\t\t\t\t\t\t<\/div>\n\t\t<\/div>\n\t\t\t\t<div class=\"elementor-column elementor-col-50 elementor-top-column elementor-element elementor-element-60a3274\" data-id=\"60a3274\" data-element_type=\"column\">\n\t\t\t<div class=\"elementor-widget-wrap\">\n\t\t\t\t\t\t\t\t\t<\/div>\n\t\t<\/div>\n\t\t\t\t\t\t\t<\/div>\n\t\t<\/section>\n\t\t\t\t<section class=\"elementor-section elementor-top-section elementor-element elementor-element-f45ebf3 elementor-section-boxed elementor-section-height-default elementor-section-height-default\" data-id=\"f45ebf3\" data-element_type=\"section\">\n\t\t\t\t\t\t<div class=\"elementor-container elementor-column-gap-default\">\n\t\t\t\t\t<div class=\"elementor-column elementor-col-100 elementor-top-column elementor-element elementor-element-c7c627a\" data-id=\"c7c627a\" data-element_type=\"column\">\n\t\t\t<div class=\"elementor-widget-wrap elementor-element-populated\">\n\t\t\t\t\t\t\t\t<div class=\"elementor-element elementor-element-1b20a6d elementor-widget elementor-widget-image\" data-id=\"1b20a6d\" data-element_type=\"widget\" data-widget_type=\"image.default\">\n\t\t\t\t<div class=\"elementor-widget-container\">\n\t\t\t\t\t\t\t\t\t\t\t\t\t\t\t<img width=\"1024\" height=\"768\" src=\"https:\/\/mond.se\/wp-content\/uploads\/2022\/12\/301910821_873168200326635_4182697275650885389_n-1024x768.jpg\" class=\"attachment-large size-large\" alt=\"\" srcset=\"https:\/\/mond.se\/wp-content\/uploads\/2022\/12\/301910821_873168200326635_4182697275650885389_n-1024x768.jpg 1024w, https:\/\/mond.se\/wp-content\/uploads\/2022\/12\/301910821_873168200326635_4182697275650885389_n-300x225.jpg 300w, https:\/\/mond.se\/wp-content\/uploads\/2022\/12\/301910821_873168200326635_4182697275650885389_n-768x576.jpg 768w, https:\/\/mond.se\/wp-content\/uploads\/2022\/12\/301910821_873168200326635_4182697275650885389_n-1536x1152.jpg 1536w, https:\/\/mond.se\/wp-content\/uploads\/2022\/12\/301910821_873168200326635_4182697275650885389_n-2048x1536.jpg 2048w, https:\/\/mond.se\/wp-content\/uploads\/2022\/12\/301910821_873168200326635_4182697275650885389_n-16x12.jpg 16w\" sizes=\"(max-width: 1024px) 100vw, 1024px\" \/>\t\t\t\t\t\t\t\t\t\t\t\t\t\t\t<\/div>\n\t\t\t\t<\/div>\n\t\t\t\t<div class=\"elementor-element elementor-element-5fad635 elementor-widget elementor-widget-image\" data-id=\"5fad635\" data-element_type=\"widget\" data-widget_type=\"image.default\">\n\t\t\t\t<div class=\"elementor-widget-container\">\n\t\t\t\t\t\t\t\t\t\t\t\t\t\t\t<img width=\"1024\" height=\"497\" src=\"https:\/\/mond.se\/wp-content\/uploads\/2023\/08\/Kontor-1024x497.png\" class=\"attachment-large size-large\" alt=\"\" srcset=\"https:\/\/mond.se\/wp-content\/uploads\/2023\/08\/Kontor-1024x497.png 1024w, https:\/\/mond.se\/wp-content\/uploads\/2023\/08\/Kontor-300x145.png 300w, https:\/\/mond.se\/wp-content\/uploads\/2023\/08\/Kontor-768x372.png 768w, https:\/\/mond.se\/wp-content\/uploads\/2023\/08\/Kontor-18x9.png 18w, https:\/\/mond.se\/wp-content\/uploads\/2023\/08\/Kontor.png 1324w\" sizes=\"(max-width: 1024px) 100vw, 1024px\" \/>\t\t\t\t\t\t\t\t\t\t\t\t\t\t\t<\/div>\n\t\t\t\t<\/div>\n\t\t\t\t<div class=\"elementor-element elementor-element-0690ff7 elementor-widget elementor-widget-image\" data-id=\"0690ff7\" data-element_type=\"widget\" data-widget_type=\"image.default\">\n\t\t\t\t<div class=\"elementor-widget-container\">\n\t\t\t\t\t\t\t\t\t\t\t\t\t\t\t<img width=\"1024\" height=\"638\" src=\"https:\/\/mond.se\/wp-content\/uploads\/2023\/08\/Kontor2-1024x638.png\" class=\"attachment-large size-large\" alt=\"\" srcset=\"https:\/\/mond.se\/wp-content\/uploads\/2023\/08\/Kontor2-1024x638.png 1024w, https:\/\/mond.se\/wp-content\/uploads\/2023\/08\/Kontor2-300x187.png 300w, https:\/\/mond.se\/wp-content\/uploads\/2023\/08\/Kontor2-768x478.png 768w, https:\/\/mond.se\/wp-content\/uploads\/2023\/08\/Kontor2-18x12.png 18w, https:\/\/mond.se\/wp-content\/uploads\/2023\/08\/Kontor2.png 1280w\" sizes=\"(max-width: 1024px) 100vw, 1024px\" \/>\t\t\t\t\t\t\t\t\t\t\t\t\t\t\t<\/div>\n\t\t\t\t<\/div>\n\t\t\t\t<div class=\"elementor-element elementor-element-0f6e8c7 elementor-widget elementor-widget-image\" data-id=\"0f6e8c7\" data-element_type=\"widget\" data-widget_type=\"image.default\">\n\t\t\t\t<div class=\"elementor-widget-container\">\n\t\t\t\t\t\t\t\t\t\t\t\t\t\t\t<img width=\"1024\" height=\"420\" src=\"https:\/\/mond.se\/wp-content\/uploads\/2023\/08\/Kontor3-1024x420.png\" class=\"attachment-large size-large\" alt=\"\" srcset=\"https:\/\/mond.se\/wp-content\/uploads\/2023\/08\/Kontor3-1024x420.png 1024w, https:\/\/mond.se\/wp-content\/uploads\/2023\/08\/Kontor3-300x123.png 300w, https:\/\/mond.se\/wp-content\/uploads\/2023\/08\/Kontor3-768x315.png 768w, https:\/\/mond.se\/wp-content\/uploads\/2023\/08\/Kontor3-18x7.png 18w, https:\/\/mond.se\/wp-content\/uploads\/2023\/08\/Kontor3.png 1318w\" sizes=\"(max-width: 1024px) 100vw, 1024px\" \/>\t\t\t\t\t\t\t\t\t\t\t\t\t\t\t<\/div>\n\t\t\t\t<\/div>\n\t\t\t\t\t<\/div>\n\t\t<\/div>\n\t\t\t\t\t\t\t<\/div>\n\t\t<\/section>\n\t\t\t\t<section class=\"elementor-section elementor-top-section elementor-element elementor-element-3a5b7c6 elementor-section-full_width elementor-section-height-default elementor-section-height-default\" data-id=\"3a5b7c6\" data-element_type=\"section\">\n\t\t\t\t\t\t<div class=\"elementor-container elementor-column-gap-default\">\n\t\t\t\t\t<div class=\"elementor-column elementor-col-100 elementor-top-column elementor-element elementor-element-0a5e7ad\" data-id=\"0a5e7ad\" data-element_type=\"column\">\n\t\t\t<div class=\"elementor-widget-wrap elementor-element-populated\">\n\t\t\t\t\t\t\t\t<div class=\"elementor-element elementor-element-71d2a0e elementor-widget elementor-widget-image\" data-id=\"71d2a0e\" data-element_type=\"widget\" data-widget_type=\"image.default\">\n\t\t\t\t<div class=\"elementor-widget-container\">\n\t\t\t\t\t\t\t\t\t\t\t\t\t\t\t<img src=\"https:\/\/mond.se\/wp-content\/uploads\/2023\/08\/Racesimulator.jpg\" title=\"Racesimulator\" alt=\"Racesimulator\" \/>\t\t\t\t\t\t\t\t\t\t\t\t\t\t\t<\/div>\n\t\t\t\t<\/div>\n\t\t\t\t\t<\/div>\n\t\t<\/div>\n\t\t\t\t\t\t\t<\/div>\n\t\t<\/section>\n\t\t\t\t\t\t<\/div>\n\t\t\t\t\t<\/div>","protected":false},"excerpt":{"rendered":"<p>Hamngatan 26A Under 2024 planerar vi att fr\u00e4scha upp och vidareutveckla v\u00e5rt kontor. Sedan \u00f6ppnar vi upp f\u00f6r fler trevliga hyresg\u00e4ster.&nbsp;Kommer bli speciellt&#8230; lovar!&nbsp; \u00c4r ni intresserade av inspirerande arbetsplatser s\u00e5 n\u00e4ra nya resecentrum man kan komma, kontakta oss f\u00f6r mer information.&nbsp;<\/p>","protected":false},"author":4,"featured_media":0,"parent":0,"menu_order":0,"comment_status":"closed","ping_status":"closed","template":"","meta":{"_mi_skip_tracking":false},"blocksy_meta":{"styles_descriptor":{"styles":{"desktop":"","tablet":"","mobile":""},"google_fonts":[]}},"_links":{"self":[{"href":"https:\/\/mond.se\/en\/wp-json\/wp\/v2\/pages\/3276"}],"collection":[{"href":"https:\/\/mond.se\/en\/wp-json\/wp\/v2\/pages"}],"about":[{"href":"https:\/\/mond.se\/en\/wp-json\/wp\/v2\/types\/page"}],"author":[{"embeddable":true,"href":"https:\/\/mond.se\/en\/wp-json\/wp\/v2\/users\/4"}],"replies":[{"embeddable":true,"href":"https:\/\/mond.se\/en\/wp-json\/wp\/v2\/comments?post=3276"}],"version-history":[{"count":51,"href":"https:\/\/mond.se\/en\/wp-json\/wp\/v2\/pages\/3276\/revisions"}],"predecessor-version":[{"id":3413,"href":"https:\/\/mond.se\/en\/wp-json\/wp\/v2\/pages\/3276\/revisions\/3413"}],"wp:attachment":[{"href":"https:\/\/mond.se\/en\/wp-json\/wp\/v2\/media?parent=3276"}],"curies":[{"name":"wp","href":"https:\/\/api.w.org\/{rel}","templated":true}]}}